{"id":13,"date":"2014-12-21T08:23:41","date_gmt":"2014-12-21T08:23:41","guid":{"rendered":"https:\/\/avada.theme-fusion.com_demos\/fashion\/?page_id=13"},"modified":"2024-05-31T06:59:33","modified_gmt":"2024-05-31T06:59:33","slug":"cocuk-sanat-atolyesi","status":"publish","type":"page","link":"https:\/\/artvital.com\/?page_id=13","title":{"rendered":"\u00c7OCUK SANAT AT\u00d6LYES\u0130"},"content":{"rendered":"<p><div class=\"fusion-fullwidth fullwidth-box fusion-builder-row-1 nonhundred-percent-fullwidth non-hundred-percent-height-scrolling\" style=\"--awb-border-radius-top-left:0px;--awb-border-radius-top-right:0px;--awb-border-radius-bottom-right:0px;--awb-border-radius-bottom-left:0px;--awb-margin-top:185px;--awb-flex-wrap:wrap;\" ><div class=\"fusion-builder-row fusion-row\"><div class=\"fusion-layout-column fusion_builder_column fusion-builder-column-0 fusion_builder_column_3_4 3_4 fusion-three-fourth fusion-column-first\" style=\"--awb-bg-size:cover;width:75%;width:calc(75% - ( ( 4% ) * 0.75 ) );margin-right: 4%;\"><div class=\"fusion-column-wrapper fusion-column-has-shadow fusion-flex-column-wrapper-legacy\"><div class=\"fusion-image-element in-legacy-container\" style=\"--awb-caption-title-font-family:var(--h2_typography-font-family);--awb-caption-title-font-weight:var(--h2_typography-font-weight);--awb-caption-title-font-style:var(--h2_typography-font-style);--awb-caption-title-size:var(--h2_typography-font-size);--awb-caption-title-transform:var(--h2_typography-text-transform);--awb-caption-title-line-height:var(--h2_typography-line-height);--awb-caption-title-letter-spacing:var(--h2_typography-letter-spacing);\"><span class=\" fusion-imageframe imageframe-dropshadow imageframe-1 hover-type-none\" style=\"-webkit-box-shadow: 3px 3px 7px rgba(17,17,17,0.85);box-shadow: 3px 3px 7px rgba(17,17,17,0.85);\"><img decoding=\"async\" width=\"1200\" height=\"900\" title=\"ohrid\" src=\"http:\/\/artvital.com\/wp-content\/uploads\/2019\/12\/ohrid.jpg\" alt class=\"img-responsive wp-image-1704\" srcset=\"https:\/\/artvital.com\/wp-content\/uploads\/2019\/12\/ohrid-200x150.jpg 200w, https:\/\/artvital.com\/wp-content\/uploads\/2019\/12\/ohrid-400x300.jpg 400w, https:\/\/artvital.com\/wp-content\/uploads\/2019\/12\/ohrid-600x450.jpg 600w, https:\/\/artvital.com\/wp-content\/uploads\/2019\/12\/ohrid-800x600.jpg 800w, https:\/\/artvital.com\/wp-content\/uploads\/2019\/12\/ohrid.jpg 1200w\" sizes=\"(max-width: 800px) 100vw, 1200px\" \/><\/span><\/div><div class=\"fusion-button-wrapper\"><a class=\"fusion-button button-3d button-small button-custom fusion-button-default button-1 fusion-button-default-span \" style=\"--button_bevel_color:rgba(255,235,59,0.85);--button_accent_color:rgba(17,17,17,0.85);--button_accent_hover_color:rgba(17,17,17,0.85);--button_border_hover_color:rgba(17,17,17,0.85);--button_gradient_top_color:rgba(255,235,59,0.85);--button_gradient_bottom_color:rgba(255,235,59,0.85);--button_gradient_top_color_hover:rgba(255,235,59,0.85);--button_gradient_bottom_color_hover:rgba(255,235,59,0.85);--button_text_transform:uppercase;\" target=\"_self\" href=\"http:\/\/cocuksanat.com.tr\"><i class=\"fa-book-reader fas awb-button__icon awb-button__icon--default button-icon-left\" aria-hidden=\"true\"><\/i><span class=\"fusion-button-text awb-button__text awb-button__text--default\">TIKLAYINIZ<\/span><\/a><\/div><div class=\"fusion-clearfix\"><\/div><\/div><\/div><div class=\"fusion-layout-column fusion_builder_column fusion-builder-column-1 fusion_builder_column_1_4 1_4 fusion-one-fourth fusion-column-last\" style=\"--awb-bg-size:cover;width:25%;width:calc(25% - ( ( 4% ) * 0.25 ) );\"><div class=\"fusion-column-wrapper fusion-column-has-shadow fusion-flex-column-wrapper-legacy\"><div class=\"fusion-text fusion-text-1\"><p style=\"font-size: 13px;\" data-fusion-font=\"true\"><img decoding=\"async\" class=\"aligncenter size-full wp-image-1858\" src=\"http:\/\/artvital.com\/wp-content\/uploads\/2020\/01\/art-vital-1.png\" alt=\"\" width=\"790\" height=\"765\" srcset=\"https:\/\/artvital.com\/wp-content\/uploads\/2020\/01\/art-vital-1-200x194.png 200w, https:\/\/artvital.com\/wp-content\/uploads\/2020\/01\/art-vital-1-300x291.png 300w, https:\/\/artvital.com\/wp-content\/uploads\/2020\/01\/art-vital-1-400x387.png 400w, https:\/\/artvital.com\/wp-content\/uploads\/2020\/01\/art-vital-1-600x581.png 600w, https:\/\/artvital.com\/wp-content\/uploads\/2020\/01\/art-vital-1-768x744.png 768w, https:\/\/artvital.com\/wp-content\/uploads\/2020\/01\/art-vital-1.png 790w\" sizes=\"(max-width: 790px) 100vw, 790px\" \/>T.C. M.E.B \u00c7OCUK SANAT AT\u00d6LYES\u0130<\/p>\n<p style=\"font-size: 12px;\" data-fusion-font=\"true\"><span style=\"color: var(--body_typography-color); font-family: var(--body_typography-font-family); font-style: var(--body_typography-font-style,normal); font-weight: var(--body_typography-font-weight); letter-spacing: var(--body_typography-letter-spacing);\">Kurumumuzun \u00f6ncelikli hedefi sanat e\u011fitiminin \u00f6nemi kavratmak ve akademik anlamda sanat e\u011fitimi vermektir. Bu ama\u00e7 do\u011frultusunda 2007 y\u0131l\u0131nda Milli E\u011fitim Bakanl\u0131\u011f\u0131na ba\u011fl\u0131 MEB \u00d6zel \u00c7ocuk Sanat At\u00f6lyesi G\u00fczel Sanatlar Kursu kurulmu\u015ftur. Bu \u00f6zel e\u011fitim kurumunda her ya\u015fa, \u00f6zellikle de \u00e7ocuklar\u0131m\u0131za ger\u00e7ek anlamda sanat e\u011fitimi verilmesi ama\u00e7lanmaktad\u0131r.<\/span><\/p>\n<p data-fusion-font=\"true\">www.cocuksanat.com<\/p>\n<\/div><div class=\"fusion-clearfix\"><\/div><\/div><\/div><\/div><\/div><div class=\"fusion-fullwidth fullwidth-box fusion-builder-row-2 nonhundred-percent-fullwidth non-hundred-percent-height-scrolling\" style=\"--awb-border-radius-top-left:0px;--awb-border-radius-top-right:0px;--awb-border-radius-bottom-right:0px;--awb-border-radius-bottom-left:0px;--awb-margin-top:5px;--awb-flex-wrap:wrap;\" ><div class=\"fusion-builder-row fusion-row\"><div class=\"fusion-layout-column fusion_builder_column fusion-builder-column-2 fusion_builder_column_1_4 1_4 fusion-one-fourth fusion-column-first\" style=\"--awb-bg-size:cover;width:25%;width:calc(25% - ( ( 4% + 4% + 4% ) * 0.25 ) );margin-right: 4%;\"><div class=\"fusion-column-wrapper fusion-column-has-shadow fusion-flex-column-wrapper-legacy\"><div class=\"fusion-image-element in-legacy-container\" style=\"--awb-caption-title-font-family:var(--h2_typography-font-family);--awb-caption-title-font-weight:var(--h2_typography-font-weight);--awb-caption-title-font-style:var(--h2_typography-font-style);--awb-caption-title-size:var(--h2_typography-font-size);--awb-caption-title-transform:var(--h2_typography-text-transform);--awb-caption-title-line-height:var(--h2_typography-line-height);--awb-caption-title-letter-spacing:var(--h2_typography-letter-spacing);\"><span class=\" fusion-imageframe imageframe-dropshadow imageframe-2 hover-type-none\" style=\"-webkit-box-shadow: 3px 3px 7px rgba(17,17,17,0.85);box-shadow: 3px 3px 7px rgba(17,17,17,0.85);\"><img decoding=\"async\" width=\"200\" height=\"150\" title=\"buyukbayram\" src=\"http:\/\/artvital.com\/wp-content\/uploads\/2019\/11\/buyukbayram-200x150.jpg\" alt class=\"img-responsive wp-image-1488\"\/><\/span><\/div><div class=\"fusion-clearfix\"><\/div><\/div><\/div><div class=\"fusion-layout-column fusion_builder_column fusion-builder-column-3 fusion_builder_column_1_4 1_4 fusion-one-fourth\" style=\"--awb-bg-size:cover;width:25%;width:calc(25% - ( ( 4% + 4% + 4% ) * 0.25 ) );margin-right: 4%;\"><div class=\"fusion-column-wrapper fusion-column-has-shadow fusion-flex-column-wrapper-legacy\"><div class=\"fusion-image-element in-legacy-container\" style=\"--awb-caption-title-font-family:var(--h2_typography-font-family);--awb-caption-title-font-weight:var(--h2_typography-font-weight);--awb-caption-title-font-style:var(--h2_typography-font-style);--awb-caption-title-size:var(--h2_typography-font-size);--awb-caption-title-transform:var(--h2_typography-text-transform);--awb-caption-title-line-height:var(--h2_typography-line-height);--awb-caption-title-letter-spacing:var(--h2_typography-letter-spacing);\"><span class=\" fusion-imageframe imageframe-dropshadow imageframe-3 hover-type-none\" style=\"-webkit-box-shadow: 3px 3px 7px rgba(17,17,17,0.85);box-shadow: 3px 3px 7px rgba(17,17,17,0.85);\"><img decoding=\"async\" width=\"1024\" height=\"768\" title=\"YY_MM_DD_0027\" src=\"http:\/\/artvital.com\/wp-content\/uploads\/2019\/12\/YY_MM_DD_0027-1024x768.jpg\" alt class=\"img-responsive wp-image-1835\" srcset=\"https:\/\/artvital.com\/wp-content\/uploads\/2019\/12\/YY_MM_DD_0027-200x150.jpg 200w, https:\/\/artvital.com\/wp-content\/uploads\/2019\/12\/YY_MM_DD_0027-400x300.jpg 400w, https:\/\/artvital.com\/wp-content\/uploads\/2019\/12\/YY_MM_DD_0027-600x450.jpg 600w, https:\/\/artvital.com\/wp-content\/uploads\/2019\/12\/YY_MM_DD_0027-800x600.jpg 800w, https:\/\/artvital.com\/wp-content\/uploads\/2019\/12\/YY_MM_DD_0027-1200x900.jpg 1200w, https:\/\/artvital.com\/wp-content\/uploads\/2019\/12\/YY_MM_DD_0027.jpg 2048w\" sizes=\"(max-width: 800px) 100vw, 1024px\" \/><\/span><\/div><div class=\"fusion-clearfix\"><\/div><\/div><\/div><div class=\"fusion-layout-column fusion_builder_column fusion-builder-column-4 fusion_builder_column_1_4 1_4 fusion-one-fourth\" style=\"--awb-bg-size:cover;width:25%;width:calc(25% - ( ( 4% + 4% + 4% ) * 0.25 ) );margin-right: 4%;\"><div class=\"fusion-column-wrapper fusion-column-has-shadow fusion-flex-column-wrapper-legacy\"><div class=\"fusion-image-element in-legacy-container\" style=\"--awb-caption-title-font-family:var(--h2_typography-font-family);--awb-caption-title-font-weight:var(--h2_typography-font-weight);--awb-caption-title-font-style:var(--h2_typography-font-style);--awb-caption-title-size:var(--h2_typography-font-size);--awb-caption-title-transform:var(--h2_typography-text-transform);--awb-caption-title-line-height:var(--h2_typography-line-height);--awb-caption-title-letter-spacing:var(--h2_typography-letter-spacing);\"><span class=\" fusion-imageframe imageframe-dropshadow imageframe-4 hover-type-none\" style=\"-webkit-box-shadow: 3px 3px 7px rgba(17,17,17,0.85);box-shadow: 3px 3px 7px rgba(17,17,17,0.85);\"><img decoding=\"async\" width=\"1024\" height=\"768\" title=\"2010_0423Image0040\" src=\"http:\/\/artvital.com\/wp-content\/uploads\/2019\/12\/2010_0423Image0040-1024x768.jpg\" alt class=\"img-responsive wp-image-1792\" srcset=\"https:\/\/artvital.com\/wp-content\/uploads\/2019\/12\/2010_0423Image0040-200x150.jpg 200w, https:\/\/artvital.com\/wp-content\/uploads\/2019\/12\/2010_0423Image0040-400x300.jpg 400w, https:\/\/artvital.com\/wp-content\/uploads\/2019\/12\/2010_0423Image0040-600x450.jpg 600w, https:\/\/artvital.com\/wp-content\/uploads\/2019\/12\/2010_0423Image0040-800x600.jpg 800w, https:\/\/artvital.com\/wp-content\/uploads\/2019\/12\/2010_0423Image0040-1200x900.jpg 1200w, https:\/\/artvital.com\/wp-content\/uploads\/2019\/12\/2010_0423Image0040.jpg 2048w\" sizes=\"(max-width: 800px) 100vw, 1024px\" \/><\/span><\/div><div class=\"fusion-clearfix\"><\/div><\/div><\/div><div class=\"fusion-layout-column fusion_builder_column fusion-builder-column-5 fusion_builder_column_1_4 1_4 fusion-one-fourth fusion-column-last\" style=\"--awb-bg-size:cover;width:25%;width:calc(25% - ( ( 4% + 4% + 4% ) * 0.25 ) );\"><div class=\"fusion-column-wrapper fusion-column-has-shadow fusion-flex-column-wrapper-legacy\"><div class=\"fusion-image-element in-legacy-container\" style=\"--awb-caption-title-font-family:var(--h2_typography-font-family);--awb-caption-title-font-weight:var(--h2_typography-font-weight);--awb-caption-title-font-style:var(--h2_typography-font-style);--awb-caption-title-size:var(--h2_typography-font-size);--awb-caption-title-transform:var(--h2_typography-text-transform);--awb-caption-title-line-height:var(--h2_typography-line-height);--awb-caption-title-letter-spacing:var(--h2_typography-letter-spacing);\"><span class=\" fusion-imageframe imageframe-dropshadow imageframe-5 hover-type-none\" style=\"-webkit-box-shadow: 3px 3px 7px rgba(17,17,17,0.85);box-shadow: 3px 3px 7px rgba(17,17,17,0.85);\"><img decoding=\"async\" width=\"1024\" height=\"768\" title=\"0503280015\" src=\"http:\/\/artvital.com\/wp-content\/uploads\/2019\/12\/0503280015-1-1024x768.jpg\" alt class=\"img-responsive wp-image-1744\" srcset=\"https:\/\/artvital.com\/wp-content\/uploads\/2019\/12\/0503280015-1-200x150.jpg 200w, https:\/\/artvital.com\/wp-content\/uploads\/2019\/12\/0503280015-1-400x300.jpg 400w, https:\/\/artvital.com\/wp-content\/uploads\/2019\/12\/0503280015-1-600x450.jpg 600w, https:\/\/artvital.com\/wp-content\/uploads\/2019\/12\/0503280015-1-800x600.jpg 800w, https:\/\/artvital.com\/wp-content\/uploads\/2019\/12\/0503280015-1-1200x900.jpg 1200w, https:\/\/artvital.com\/wp-content\/uploads\/2019\/12\/0503280015-1.jpg 2048w\" sizes=\"(max-width: 800px) 100vw, 1024px\" \/><\/span><\/div><div class=\"fusion-clearfix\"><\/div><\/div><\/div><\/div><\/div><div class=\"fusion-fullwidth fullwidth-box fusion-builder-row-3 nonhundred-percent-fullwidth non-hundred-percent-height-scrolling\" style=\"--awb-border-radius-top-left:0px;--awb-border-radius-top-right:0px;--awb-border-radius-bottom-right:0px;--awb-border-radius-bottom-left:0px;--awb-flex-wrap:wrap;\" ><div class=\"fusion-builder-row fusion-row\"><div class=\"fusion-layout-column fusion_builder_column fusion-builder-column-6 fusion_builder_column_1_1 1_1 fusion-one-full fusion-column-first fusion-column-last\" style=\"--awb-bg-size:cover;--awb-margin-bottom:0px;\"><div class=\"fusion-column-wrapper fusion-column-has-shadow fusion-flex-column-wrapper-legacy\"><div class=\"fusion-section-separator section-separator curved fusion-section-separator-1\" style=\"--awb-spacer-height:99px;--awb-svg-margin-left:0;--awb-svg-margin-right:0;--awb-divider-height:99px;--awb-spacer-padding-top:inherit;--awb-sep-padding:0;--awb-svg-padding:0;\"><div class=\"fusion-section-separator-svg\"><svg class=\"fusion-curved-candy\" xmlns=\"http:\/\/www.w3.org\/2000\/svg\" version=\"1.1\" width=\"100%\" height=\"100\" viewBox=\"0 0 100 100\" preserveAspectRatio=\"none\" fill=\"rgba(17,17,17,0.85)\"><path d=\"M0 100 C 20 0 50 0 100 100 Z\"><\/path><\/svg><\/div><div class=\"fusion-section-separator-spacer\"><div class=\"fusion-section-separator-spacer-height\"><\/div><\/div><\/div><div class=\"fusion-clearfix\"><\/div><\/div><\/div><\/div><\/div><\/p>\n","protected":false},"excerpt":{"rendered":"","protected":false},"author":1,"featured_media":0,"parent":0,"menu_order":0,"comment_status":"open","ping_status":"closed","template":"100-width.php","meta":{"footnotes":""},"class_list":["post-13","page","type-page","status-publish","hentry"],"_links":{"self":[{"href":"https:\/\/artvital.com\/index.php?rest_route=\/wp\/v2\/pages\/13","targetHints":{"allow":["GET"]}}],"collection":[{"href":"https:\/\/artvital.com\/index.php?rest_route=\/wp\/v2\/pages"}],"about":[{"href":"https:\/\/artvital.com\/index.php?rest_route=\/wp\/v2\/types\/page"}],"author":[{"embeddable":true,"href":"https:\/\/artvital.com\/index.php?rest_route=\/wp\/v2\/users\/1"}],"replies":[{"embeddable":true,"href":"https:\/\/artvital.com\/index.php?rest_route=%2Fwp%2Fv2%2Fcomments&post=13"}],"version-history":[{"count":26,"href":"https:\/\/artvital.com\/index.php?rest_route=\/wp\/v2\/pages\/13\/revisions"}],"predecessor-version":[{"id":1963,"href":"https:\/\/artvital.com\/index.php?rest_route=\/wp\/v2\/pages\/13\/revisions\/1963"}],"wp:attachment":[{"href":"https:\/\/artvital.com\/index.php?rest_route=%2Fwp%2Fv2%2Fmedia&parent=13"}],"curies":[{"name":"wp","href":"https:\/\/api.w.org\/{rel}","templated":true}]}}