{"id":1906,"date":"2020-01-10T09:41:49","date_gmt":"2020-01-10T09:41:49","guid":{"rendered":"http:\/\/artvital.com\/?page_id=1906"},"modified":"2021-03-19T03:38:43","modified_gmt":"2021-03-19T03:38:43","slug":"hakkimizda","status":"publish","type":"page","link":"https:\/\/artvital.com\/?page_id=1906","title":{"rendered":"HAKKIMIZDA"},"content":{"rendered":"<div class=\"fusion-fullwidth fullwidth-box fusion-builder-row-1 nonhundred-percent-fullwidth non-hundred-percent-height-scrolling\" style=\"--awb-border-radius-top-left:0px;--awb-border-radius-top-right:0px;--awb-border-radius-bottom-right:0px;--awb-border-radius-bottom-left:0px;--awb-flex-wrap:wrap;\" ><div class=\"fusion-builder-row fusion-row\"><div class=\"fusion-layout-column fusion_builder_column fusion-builder-column-0 fusion_builder_column_2_3 2_3 fusion-two-third fusion-column-first\" style=\"--awb-bg-size:cover;width:66.666666666667%;width:calc(66.666666666667% - ( ( 4% ) * 0.66666666666667 ) );margin-right: 4%;\"><div class=\"fusion-column-wrapper fusion-column-has-shadow fusion-flex-column-wrapper-legacy\"><div class=\"fusion-text fusion-text-1\"><p style=\"font-family: 'Noto Serif JP'; font-weight: 200;\" data-fusion-font=\"true\" data-fusion-google-font=\"Noto Serif JP\" data-fusion-google-variant=\"200\" data-fusion-google-subset=\"latin\"><b style=\"color: var(--body_typography-color); font-family: var(--body_typography-font-family); font-style: var(--body_typography-font-style,normal); letter-spacing: var(--body_typography-letter-spacing); font-size: 23px;\" data-fusion-font=\"true\">Art Vital G\u00fczel Sanatlar At\u00f6lyesi<\/b><\/p>\n<p><span style=\"color: var(--body_typography-color); font-family: var(--body_typography-font-family); font-size: var(--body_typography-font-size); font-style: var(--body_typography-font-style,normal); font-weight: var(--body_typography-font-weight); letter-spacing: var(--body_typography-letter-spacing);\">Sanat E\u011fitmeni \u00d6zden \u00d6rgen taraf\u0131ndan 2002 y\u0131l\u0131nda kurulmu\u015ftur.<\/span><\/p>\n<p>Kurumumuzun \u00f6ncelikli hedefi sanat e\u011fitiminin \u00f6nemi kavratmak ve akademik anlamda sanat e\u011fitimi vermektir. Bu ama\u00e7 do\u011frultusunda Milli E\u011fitim Bakanl\u0131\u011f\u0131na ba\u011fl\u0131 \u00d6zel \u00c7ocuk Sanat At\u00f6lyesi, G\u00fczel Sanatlar Kursu kurulmu\u015ftur. Bu \u00f6zel e\u011fitim kurumunda her ya\u015fa, \u00f6zellikle de \u00e7ocuklar\u0131m\u0131za ger\u00e7ek anlamda sanat e\u011fitimi verilmesi ama\u00e7lanmaktad\u0131r. Genelde bo\u015f zamanlar\u0131n de\u011ferlendirilmesi olarak g\u00f6r\u00fclen resim, m\u00fczik, tiyatro gibi \u00e7al\u0131\u015fmalar, asl\u0131nda \u00e7ocuklar\u0131m\u0131z\u0131n yarat\u0131c\u0131l\u0131klar\u0131n\u0131n geli\u015fece\u011fi, \u00f6zg\u00fcven kazanacaklar\u0131, kendilerini daha etkili ifade edebilecekleri en etkili \u00e7al\u0131\u015fmad\u0131r. \u00d6rg\u00fcn e\u011fitim kurumlar\u0131m\u0131zda ne yaz\u0131k ki sanat e\u011fitimine gereken \u00f6nem verilememektedir. Sanat e\u011fitimi konusunda bir referans kurumu olmak Art Vital&#8217;in hedeflerindendir. Kuruldu\u011fu g\u00fcnden beri Art Vital, sanata ilgi duyan herkesin, \u00f6zellikle de \u00e7ocuklar\u0131m\u0131z\u0131n destek\u00e7isi olmu\u015ftur.<\/p>\n<p>Bu konuda neler yap\u0131lm\u0131\u015ft\u0131r? Akademik \u00e7al\u0131\u015fmalar yapmak \u00fczere \u00e7ocuk tiyatrosu desteklenmi\u015ftir.<\/p>\n<p>\u00c7ocuklar\u0131n sanatsal etkinliklerini topluca sergileyebildikleri \u00c7ocuk Sanat g\u00fcnleri ve M\u00fczik geceleri d\u00fczenlenmi\u015ftir.<\/p>\n<p>D\u0131\u015f mek\u00e2n \u00e7al\u0131\u015fmalar\u0131 organize edilmi\u015ftir. \u00dclkemizde ne yaz\u0131k ki eksik olan bu t\u00fcr \u00e7al\u0131\u015fmalar t\u00fcm d\u00fcnyada \u00e7ok yayg\u0131nd\u0131r ve Art Vital her f\u0131rsatta bu t\u00fcr organizasyonlar yapmaktad\u0131r.<\/p>\n<p>Art Vital \u00c7ocuk resimleri yar\u0131\u015fmalar\u0131n\u0131n destek\u00e7isi olmu\u015ftur. \u00c7ocuklar \u00e7ok hassas bir konudur. Onlar\u0131 incitmemek i\u00e7in \u00e7ok ama \u00e7ok dikkatli olmak gerekmektedir. Bu nedenle \u00e7ocuklar aras\u0131nda yap\u0131lan resim yar\u0131\u015fmalar\u0131 \u00f6zel bir hassasiyet gerektirmektedir. \u00dclkemizde bu konuda \u00e7ok ba\u015far\u0131l\u0131 \u00e7al\u0131\u015fmalar yapan kurulu\u015flar vard\u0131r ve \u00e7ocuklar ad\u0131na onlara m\u00fcte\u015fekkiriz.<\/p>\n<p>Avrupa Konseyinin destekledi\u011fi European Schoolnet taraf\u0131ndan d\u00fczenlenen, 31 Avrupa \u00fclkesinin kat\u0131ld\u0131\u011f\u0131 Green Week 2006 yar\u0131\u015fmas\u0131nda T\u00fcrkiye&#8217;nin tek temsilcisi olarak 30 May\u0131s-2 Haziran 2006 tarihleri aras\u0131nda Br\u00fcksel&#8217;e davet edildik. Konferans salonunda sergilenen 15 resim aras\u0131nda alt\u0131 \u00c7ocu\u011fumuzun \u00e7al\u0131\u015fmas\u0131 yer almaktayd\u0131. K\u00fclt\u00fcr Bakanl\u0131\u011f\u0131 ve \u00c7evre bakanl\u0131\u011f\u0131n\u0131n te\u015fekk\u00fcrleri ile duyarl\u0131l\u0131k g\u00f6sterdi\u011fi bu ba\u015far\u0131 \u00fclkemiz i\u00e7in bir onur olmu\u015ftur.<\/p>\n<p>D\u00fcnyan\u0131n, b\u00fcy\u00fck kat\u0131l\u0131m olan sayg\u0131n yar\u0131\u015fmalar\u0131ndan Polonya&#8217;da d\u00fczenlenen Children and Youth&#8217;s International Art Contest &#8220;The Child and The Dog&#8221; yar\u0131\u015fmas\u0131nda Art Vital kurumsal \u00f6d\u00fcle hak kazanm\u0131\u015ft\u0131r. Bu onur bizim de\u011fil \u00e7ocuklar\u0131m\u0131z\u0131nd\u0131r.<\/p>\n<p>&#8220;The Small Montmarte Of Bitola 2003&#8221; Uluslararas\u0131 Resim Yar\u0131\u015fmas\u0131nda yine kurumsal olarak \u00fclkemizi temsil etmek \u015ferefini kazanm\u0131\u015ft\u0131r. Sonraki y\u0131llarda pek \u00e7ok kez kat\u0131l\u0131m \u00f6d\u00fcl\u00fc, en iyi keleksiyon \u00f6d\u00fcl\u00fc olarak kurumsal \u00f6d\u00fcller devam etmi\u015ftir. K\u00fc\u00e7\u00fck ressamlar\u0131m\u0131z yurt i\u00e7i ve yurt d\u0131\u015f\u0131 yar\u0131\u015fmalarda binin \u00fczerinde ba\u015far\u0131n\u0131n sahibi oldu.<\/p>\n<p>Art Vital y\u00fczlerce \u00e7ocu\u011fumuzun sanat \u00e7al\u0131\u015fmalar\u0131n\u0131 toplayarak, binlerce \u00e7al\u0131\u015fmay\u0131 sergilemektedir. \u00c7ocuk resimlerinden olu\u015fan bu b\u00fcy\u00fckl\u00fckte bir sergi \u00fclkemizde yoktur. Art Vital bu eksikli\u011fi gidermekte ve \u00e7ocuklar\u0131m\u0131z\u0131n \u00e7al\u0131\u015fmalar\u0131n\u0131 ilgilenen herkese sunmaktad\u0131r.<\/p>\n<p>\u00c7ocuk evleri ve \u00e7ocuk kul\u00fcplerine sanat e\u011fitimi konusunda dan\u0131\u015fmanl\u0131k hizmeti verilmekte, pek \u00e7ok okuldan \u00e7ocu\u011fu sanatsal \u00e7al\u0131\u015fmalar\u0131nda desteklemektedir. Art Vital&#8217;in arzusu toplam kalitenin y\u00fckselmesi ve \u00fclkemiz \u00e7ocuklar\u0131n\u0131n d\u00fcnyada hak etti\u011fi yere gelmesidir.<\/p>\n<p>Ulu \u00f6nderimiz Atat\u00fcrk&#8217;\u00fcn \u00e7ok de\u011ferli bir s\u00f6z\u00fcn\u00fc burada hat\u0131rlatmak istiyoruz.<\/p>\n<p><b>&#8220;Kar\u015f\u0131s\u0131nda ders verdi\u011fin \u00f6\u011frencileri, bug\u00fcnk\u00fc ya\u015flar\u0131 ve seviyeleri ile g\u00f6rmeyeceksin. Onlar\u0131 gelece\u011fin \u00fcnl\u00fc olacak insanlar\u0131 ve ba\u015far\u0131l\u0131 sanatkarlar\u0131 olarak g\u00f6r ve her birisine buna g\u00f6re muamele et. Benim \u00f6\u011fretmenlerimden en \u00e7ok hat\u0131rlad\u0131\u011f\u0131m ve derslerinden faydaland\u0131klar\u0131m, bana b\u00fcy\u00fck muamelesi yapanlard\u0131.&#8221;<\/b><\/p>\n<p><b>\u00a0 \u00a0 \u00a0 \u00a0 \u00a0 \u00a0 \u00a0 \u00a0 \u00a0 \u00a0 \u00a0 \u00a0 \u00a0 \u00a0 \u00a0 \u00a0 \u00a0 \u00a0 \u00a0 \u00a0 \u00a0 \u00a0 \u00a0 \u00a0 \u00a0Mustafa Kemal Atat\u00fcrk<\/b><\/p>\n<\/div><div class=\"fusion-clearfix\"><\/div><\/div><\/div><div class=\"fusion-layout-column fusion_builder_column fusion-builder-column-1 fusion_builder_column_1_3 1_3 fusion-one-third fusion-column-last\" style=\"--awb-bg-size:cover;--awb-margin-top:0px;--awb-margin-bottom:0px;width:33.333333333333%;width:calc(33.333333333333% - ( ( 4% ) * 0.33333333333333 ) );\"><div class=\"fusion-column-wrapper fusion-column-has-shadow fusion-flex-column-wrapper-legacy\"><div class=\"fusion-image-element in-legacy-container\" style=\"--awb-caption-title-font-family:var(--h2_typography-font-family);--awb-caption-title-font-weight:var(--h2_typography-font-weight);--awb-caption-title-font-style:var(--h2_typography-font-style);--awb-caption-title-size:var(--h2_typography-font-size);--awb-caption-title-transform:var(--h2_typography-text-transform);--awb-caption-title-line-height:var(--h2_typography-line-height);--awb-caption-title-letter-spacing:var(--h2_typography-letter-spacing);\"><span class=\" fusion-imageframe imageframe-dropshadow imageframe-1 hover-type-none\" style=\"-webkit-box-shadow: 3px 3px 7px rgba(17,17,17,0.85);box-shadow: 3px 3px 7px rgba(17,17,17,0.85);\"><img decoding=\"async\" width=\"1200\" height=\"669\" title=\"artvita3\" src=\"http:\/\/artvital.com\/wp-content\/uploads\/2019\/11\/artvita3-1200x669.jpg\" alt class=\"img-responsive wp-image-1440\" srcset=\"https:\/\/artvital.com\/wp-content\/uploads\/2019\/11\/artvita3-200x112.jpg 200w, https:\/\/artvital.com\/wp-content\/uploads\/2019\/11\/artvita3-400x223.jpg 400w, https:\/\/artvital.com\/wp-content\/uploads\/2019\/11\/artvita3-600x335.jpg 600w, https:\/\/artvital.com\/wp-content\/uploads\/2019\/11\/artvita3-800x446.jpg 800w, https:\/\/artvital.com\/wp-content\/uploads\/2019\/11\/artvita3-1200x669.jpg 1200w, https:\/\/artvital.com\/wp-content\/uploads\/2019\/11\/artvita3.jpg 1350w\" sizes=\"(max-width: 800px) 100vw, 400px\" \/><\/span><\/div><div class=\"fusion-clearfix\"><\/div><\/div><\/div><div class=\"fusion-layout-column fusion_builder_column fusion-builder-column-2 fusion_builder_column_2_3 2_3 fusion-two-third fusion-column-first\" style=\"--awb-bg-size:cover;width:66.666666666667%;width:calc(66.666666666667% - ( ( 4% ) * 0.66666666666667 ) );margin-right: 4%;\"><div class=\"fusion-column-wrapper fusion-column-has-shadow fusion-flex-column-wrapper-legacy\"><div class=\"fusion-sharing-box fusion-sharing-box-1 boxed-icons has-taglines layout-floated layout-medium-floated layout-small-floated\" style=\"background-color:#ffffff;--awb-layout:row;--awb-alignment-small:space-between;\" data-title=\"HAKKIMIZDA\" data-description=\"Art Vital G\u00fczel Sanatlar At\u00f6lyesiSanat E\u011fitmeni \u00d6zden \u00d6rgen taraf\u0131ndan 2002 y\u0131l\u0131nda kurulmu\u015ftur.Kurumumuzun \u00f6ncelikli hedefi sanat e\u011fitiminin \u00f6nemi kavratmak ve akademik\" data-link=\"https:\/\/artvital.com\/?page_id=1906\"><div class=\"fusion-social-networks sharingbox-shortcode-icon-wrapper sharingbox-shortcode-icon-wrapper-1 boxed-icons\"><span><a href=\"https:\/\/www.facebook.com\/sharer.php?u=https%3A%2F%2Fartvital.com%2F%3Fpage_id%3D1906&amp;t=HAKKIMIZDA\" target=\"_blank\" rel=\"noreferrer\" title=\"Facebook\" aria-label=\"Facebook\" data-placement=\"top\" data-toggle=\"tooltip\" data-title=\"Facebook\"><i class=\"fusion-social-network-icon fusion-tooltip fusion-facebook awb-icon-facebook\" style=\"color:#ffffff;background-color:#3b5998;border-color:#3b5998;border-radius:2px;\" aria-hidden=\"true\"><\/i><\/a><\/span><span><a href=\"https:\/\/x.com\/intent\/post?text=HAKKIMIZDA&amp;url=https%3A%2F%2Fartvital.com%2F%3Fpage_id%3D1906\" target=\"_blank\" rel=\"noopener noreferrer\" title=\"X\" aria-label=\"X\" data-placement=\"top\" data-toggle=\"tooltip\" data-title=\"X\"><i class=\"fusion-social-network-icon fusion-tooltip fusion-twitter awb-icon-twitter\" style=\"color:#ffffff;background-color:#000000;border-color:#000000;border-radius:2px;\" aria-hidden=\"true\"><\/i><\/a><\/span><span><a href=\"https:\/\/www.linkedin.com\/shareArticle?mini=true&amp;url=https%3A%2F%2Fartvital.com%2F%3Fpage_id%3D1906&amp;title=HAKKIMIZDA&amp;summary=Art%20Vital%20G%C3%BCzel%20Sanatlar%20At%C3%B6lyesiSanat%20E%C4%9Fitmeni%20%C3%96zden%20%C3%96rgen%20taraf%C4%B1ndan%202002%20y%C4%B1l%C4%B1nda%20kurulmu%C5%9Ftur.Kurumumuzun%20%C3%B6ncelikli%20hedefi%20sanat%20e%C4%9Fitiminin%20%C3%B6nemi%20kavratmak%20ve%20akademik\" target=\"_blank\" rel=\"noopener noreferrer\" title=\"LinkedIn\" aria-label=\"LinkedIn\" data-placement=\"top\" data-toggle=\"tooltip\" data-title=\"LinkedIn\"><i class=\"fusion-social-network-icon fusion-tooltip fusion-linkedin awb-icon-linkedin\" style=\"color:#ffffff;background-color:#0077b5;border-color:#0077b5;border-radius:2px;\" aria-hidden=\"true\"><\/i><\/a><\/span><span><a href=\"https:\/\/api.whatsapp.com\/send?text=https%3A%2F%2Fartvital.com%2F%3Fpage_id%3D1906\" target=\"_blank\" rel=\"noopener noreferrer\" title=\"WhatsApp\" aria-label=\"WhatsApp\" data-placement=\"top\" data-toggle=\"tooltip\" data-title=\"WhatsApp\"><i class=\"fusion-social-network-icon fusion-tooltip fusion-whatsapp awb-icon-whatsapp\" style=\"color:#ffffff;background-color:#77e878;border-color:#77e878;border-radius:2px;\" aria-hidden=\"true\"><\/i><\/a><\/span><span><a href=\"https:\/\/pinterest.com\/pin\/create\/button\/?url=https%3A%2F%2Fartvital.com%2F%3Fpage_id%3D1906&amp;description=Art%20Vital%20G%C3%BCzel%20Sanatlar%20At%C3%B6lyesiSanat%20E%C4%9Fitmeni%20%C3%96zden%20%C3%96rgen%20taraf%C4%B1ndan%202002%20y%C4%B1l%C4%B1nda%20kurulmu%C5%9Ftur.Kurumumuzun%20%C3%B6ncelikli%20hedefi%20sanat%20e%C4%9Fitiminin%20%C3%B6nemi%20kavratmak%20ve%20akademik&amp;media=\" target=\"_blank\" rel=\"noopener noreferrer\" title=\"Pinterest\" aria-label=\"Pinterest\" data-placement=\"top\" data-toggle=\"tooltip\" data-title=\"Pinterest\"><i class=\"fusion-social-network-icon fusion-tooltip fusion-pinterest awb-icon-pinterest\" style=\"color:#ffffff;background-color:#bd081c;border-color:#bd081c;border-radius:2px;\" aria-hidden=\"true\"><\/i><\/a><\/span><span><a href=\"mailto:?subject=HAKKIMIZDA&amp;body=https%3A%2F%2Fartvital.com%2F%3Fpage_id%3D1906\" target=\"_self\" title=\"E-posta\" aria-label=\"E-posta\" data-placement=\"top\" data-toggle=\"tooltip\" data-title=\"E-posta\"><i class=\"fusion-social-network-icon fusion-tooltip fusion-mail awb-icon-mail\" style=\"color:#ffffff;background-color:#000000;border-color:#000000;border-radius:2px;\" aria-hidden=\"true\"><\/i><\/a><\/span><\/div><\/div><div class=\"fusion-clearfix\"><\/div><\/div><\/div><\/div><\/div>\n","protected":false},"excerpt":{"rendered":"","protected":false},"author":1,"featured_media":0,"parent":4,"menu_order":0,"comment_status":"closed","ping_status":"closed","template":"100-width.php","meta":{"footnotes":""},"class_list":["post-1906","page","type-page","status-publish","hentry"],"_links":{"self":[{"href":"https:\/\/artvital.com\/index.php?rest_route=\/wp\/v2\/pages\/1906","targetHints":{"allow":["GET"]}}],"collection":[{"href":"https:\/\/artvital.com\/index.php?rest_route=\/wp\/v2\/pages"}],"about":[{"href":"https:\/\/artvital.com\/index.php?rest_route=\/wp\/v2\/types\/page"}],"author":[{"embeddable":true,"href":"https:\/\/artvital.com\/index.php?rest_route=\/wp\/v2\/users\/1"}],"replies":[{"embeddable":true,"href":"https:\/\/artvital.com\/index.php?rest_route=%2Fwp%2Fv2%2Fcomments&post=1906"}],"version-history":[{"count":5,"href":"https:\/\/artvital.com\/index.php?rest_route=\/wp\/v2\/pages\/1906\/revisions"}],"predecessor-version":[{"id":1948,"href":"https:\/\/artvital.com\/index.php?rest_route=\/wp\/v2\/pages\/1906\/revisions\/1948"}],"up":[{"embeddable":true,"href":"https:\/\/artvital.com\/index.php?rest_route=\/wp\/v2\/pages\/4"}],"wp:attachment":[{"href":"https:\/\/artvital.com\/index.php?rest_route=%2Fwp%2Fv2%2Fmedia&parent=1906"}],"curies":[{"name":"wp","href":"https:\/\/api.w.org\/{rel}","templated":true}]}}