{"id":21,"date":"2014-12-21T08:26:19","date_gmt":"2014-12-21T08:26:19","guid":{"rendered":"https:\/\/avada.theme-fusion.com_demos\/fashion\/?page_id=21"},"modified":"2021-11-05T04:32:25","modified_gmt":"2021-11-05T04:32:25","slug":"iletisim","status":"publish","type":"page","link":"https:\/\/artvital.com\/?page_id=21","title":{"rendered":"\u0130LET\u0130\u015e\u0130M"},"content":{"rendered":"<p><div class=\"fusion-fullwidth fullwidth-box fusion-builder-row-1 hundred-percent-fullwidth non-hundred-percent-height-scrolling fusion-equal-height-columns\" style=\"--awb-background-position:left top;--awb-background-blend-mode:overlay;--awb-border-color:#ffeb3b;--awb-border-radius-top-left:0px;--awb-border-radius-top-right:0px;--awb-border-radius-bottom-right:0px;--awb-border-radius-bottom-left:0px;--awb-padding-top:0px;--awb-padding-right:0px;--awb-padding-bottom:0px;--awb-padding-left:0px;--awb-margin-top:180px;--awb-margin-bottom:0px;--awb-border-sizes-top:0px;--awb-border-sizes-bottom:0px;--awb-flex-wrap:wrap;\" ><div class=\"fusion-builder-row fusion-row\"><div class=\"fusion-layout-column fusion_builder_column fusion-builder-column-0 fusion_builder_column_1_2 1_2 fusion-one-half fusion-column-first\" style=\"--awb-padding-top:6%;--awb-padding-right:7%;--awb-padding-bottom:7%;--awb-padding-left:9%;--awb-bg-color:rgba(255,255,255,0.85);--awb-bg-color-hover:rgba(255,255,255,0.85);--awb-bg-size:cover;--awb-margin-top:24px;--awb-margin-bottom:69px;\"><div class=\"fusion-column-wrapper fusion-flex-column-wrapper-legacy\"><div class=\"fusion-column-content-centered\"><div class=\"fusion-column-content\"><div class=\"fusion-text fusion-text-1\"><h2 style=\"text-align: center; font-size: 27.766px; line-height: 30.639px; font-family: 'ZCOOL XiaoWei'; font-weight: 400; color: #e5b01d;\" data-fontsize=\"29\" data-lineheight=\"32\" data-fusion-font=\"true\" data-fusion-google-font=\"ZCOOL XiaoWei\" data-fusion-google-variant=\"400\" data-fusion-google-subset=\"latin\" data-inline-fontsize=\"29.681px\" data-inline-lineheight=\"32.553px\">Bizimle \u0130leti\u015fime Ge\u00e7in!<br \/>Sorular\u0131n\u0131z i\u00e7in buraday\u0131z!<\/h2>\n<\/div><div class=\"fusion-text fusion-text-2\"><p style=\"text-align: center; color: rgba(17, 17, 17, 0.85); font-family: ABeeZee; font-weight: 400;\" data-fusion-font=\"true\" data-fusion-google-font=\"ABeeZee\" data-fusion-google-variant=\"400\" data-fusion-google-subset=\"latin\">Kurs D\u00f6nemlerimiz, etkinliklerimiz, kay\u0131t ve Workshoplar\u0131m\u0131zla ilgili bilgi almak i\u00e7in mail g\u00f6nderebilir, a\u015fa\u011f\u0131daki telefonlardan mesai saatleri i\u00e7erisinde bize ula\u015fabilirsiniz.<\/p>\n<p style=\"text-align: center;\"><span style=\"color: rgba(17, 17, 17, 0.85); font-family: ABeeZee; font-weight: 400;\" data-fusion-font=\"true\" data-fusion-google-font=\"ABeeZee\" data-fusion-google-variant=\"400\" data-fusion-google-subset=\"latin\">Adres: K\u0131rlang\u0131\u00e7 Sokak No:9\/A Narl\u0131dere 35320 \u0130ZM\u0130R<\/span><span style=\"color: #fffcfc; font-family: ABeeZee; font-weight: 400;\" data-fusion-font=\"true\" data-fusion-google-font=\"ABeeZee\" data-fusion-google-variant=\"400\" data-fusion-google-subset=\"latin\"><span style=\"color: rgba(17, 17, 17, 0.85);\"><br \/>GSM : +90 (507) 944 49 43<\/span><\/span><span style=\"color: #fffcfc; font-family: ABeeZee; font-weight: 400;\" data-fusion-font=\"true\" data-fusion-google-font=\"ABeeZee\" data-fusion-google-variant=\"400\" data-fusion-google-subset=\"latin\"><span style=\"color: rgba(17, 17, 17, 0.85);\"><br \/>GSM : +90 (507) 944 49 03<br \/><\/span><\/span><span style=\"font-size: var(--body_typography-font-size); font-style: var(--body_typography-font-style,normal); letter-spacing: var(--body_typography-letter-spacing); font-family: ABeeZee;\" data-fusion-font=\"true\" data-fusion-google-font=\"ABeeZee\" data-fusion-google-variant=\"400\" data-fusion-google-subset=\"latin\">Email:<\/span><span style=\"font-size: var(--body_typography-font-size); font-style: var(--body_typography-font-style,normal); letter-spacing: var(--body_typography-letter-spacing); font-family: ABeeZee;\" data-fusion-font=\"true\" data-fusion-google-font=\"ABeeZee\" data-fusion-google-variant=\"400\" data-fusion-google-subset=\"latin\"> artvitaltr@gmail.com<\/span><\/p>\n<p style=\"text-align: center;\"><span style=\"color: #fffcfc; font-family: ABeeZee; font-weight: 400;\" data-fusion-font=\"true\" data-fusion-google-font=\"ABeeZee\" data-fusion-google-variant=\"400\" data-fusion-google-subset=\"latin\">\u00a0<\/span><\/p>\n<\/div><\/div><\/div><div class=\"fusion-clearfix\"><\/div><\/div><\/div><div class=\"fusion-layout-column fusion_builder_column fusion-builder-column-1 fusion_builder_column_1_2 1_2 fusion-one-half fusion-column-last\" style=\"--awb-padding-top:5%;--awb-padding-right:5%;--awb-padding-bottom:6%;--awb-padding-left:5%;--awb-bg-color:rgba(255,255,255,0.85);--awb-bg-color-hover:rgba(255,255,255,0.85);--awb-bg-size:cover;--awb-margin-top:23px;--awb-margin-bottom:7px;\"><div class=\"fusion-column-wrapper fusion-flex-column-wrapper-legacy\"><div class=\"fusion-column-content-centered\"><div class=\"fusion-column-content\">[contact-form-7 id=&#8221;5&#8243; title=&#8221;Contact form 1&#8243; \/]<\/div><\/div><div class=\"fusion-clearfix\"><\/div><\/div><\/div><\/div><\/div><div class=\"fusion-fullwidth fullwidth-box fusion-builder-row-2 nonhundred-percent-fullwidth non-hundred-percent-height-scrolling\" style=\"--awb-border-radius-top-left:0px;--awb-border-radius-top-right:0px;--awb-border-radius-bottom-right:0px;--awb-border-radius-bottom-left:0px;--awb-padding-top:40px;--awb-padding-bottom:6px;--awb-margin-top:0px;--awb-background-color:#ffffff;--awb-flex-wrap:wrap;\" ><div class=\"fusion-builder-row fusion-row\"><div class=\"fusion-layout-column fusion_builder_column fusion-builder-column-2 fusion_builder_column_1_1 1_1 fusion-one-full fusion-column-first fusion-column-last\" style=\"--awb-bg-size:cover;\"><div class=\"fusion-column-wrapper fusion-column-has-shadow fusion-flex-column-wrapper-legacy\"><div class=\"fusion-sep-clear\"><\/div><div class=\"fusion-separator fusion-full-width-sep\" style=\"margin-left: auto;margin-right: auto;width:100%;\"><div class=\"fusion-separator-border sep-shadow\" style=\"--awb-height:20px;--awb-amount:20px;background:radial-gradient(ellipse at 50% -50% , #e0dede 0px, rgba(255, 255, 255, 0) 80%) repeat scroll 0 0 rgba(0, 0, 0, 0);background:-webkit-radial-gradient(ellipse at 50% -50% , #e0dede 0px, rgba(255, 255, 255, 0) 80%) repeat scroll 0 0 rgba(0, 0, 0, 0);background:-moz-radial-gradient(ellipse at 50% -50% , #e0dede 0px, rgba(255, 255, 255, 0) 80%) repeat scroll 0 0 rgba(0, 0, 0, 0);background:-o-radial-gradient(ellipse at 50% -50% , #e0dede 0px, rgba(255, 255, 255, 0) 80%) repeat scroll 0 0 rgba(0, 0, 0, 0);\"><\/div><\/div><div class=\"fusion-sep-clear\"><\/div><div class=\"fusion-clearfix\"><\/div><\/div><\/div><\/div><\/div><div class=\"fusion-fullwidth fullwidth-box fusion-builder-row-3 nonhundred-percent-fullwidth non-hundred-percent-height-scrolling\" style=\"--awb-border-radius-top-left:0px;--awb-border-radius-top-right:0px;--awb-border-radius-bottom-right:0px;--awb-border-radius-bottom-left:0px;--awb-flex-wrap:wrap;\" ><div class=\"fusion-builder-row fusion-row\"><div class=\"fusion-layout-column fusion_builder_column fusion-builder-column-3 fusion_builder_column_1_3 1_3 fusion-one-third fusion-column-first\" style=\"--awb-padding-top:27px;--awb-bg-size:cover;width:33.333333333333%;width:calc(33.333333333333% - ( ( 4% ) * 0.33333333333333 ) );margin-right: 4%;\"><div class=\"fusion-column-wrapper fusion-column-has-shadow fusion-flex-column-wrapper-legacy\"><div class=\"fusion-image-element in-legacy-container\" style=\"--awb-caption-title-font-family:var(--h2_typography-font-family);--awb-caption-title-font-weight:var(--h2_typography-font-weight);--awb-caption-title-font-style:var(--h2_typography-font-style);--awb-caption-title-size:var(--h2_typography-font-size);--awb-caption-title-transform:var(--h2_typography-text-transform);--awb-caption-title-line-height:var(--h2_typography-line-height);--awb-caption-title-letter-spacing:var(--h2_typography-letter-spacing);\"><span class=\" fusion-imageframe imageframe-dropshadow imageframe-1 hover-type-none\" style=\"-webkit-box-shadow: 3px 3px 7px rgba(17,17,17,0.85);box-shadow: 3px 3px 7px rgba(17,17,17,0.85);\"><img decoding=\"async\" width=\"400\" height=\"754\" title=\"kroki\" src=\"http:\/\/artvital.com\/wp-content\/uploads\/2020\/01\/kroki.jpg\" alt class=\"img-responsive wp-image-1931\" srcset=\"https:\/\/artvital.com\/wp-content\/uploads\/2020\/01\/kroki-200x377.jpg 200w, https:\/\/artvital.com\/wp-content\/uploads\/2020\/01\/kroki.jpg 400w\" sizes=\"(max-width: 800px) 100vw, 400px\" \/><\/span><\/div><div class=\"fusion-clearfix\"><\/div><\/div><\/div><div class=\"fusion-layout-column fusion_builder_column fusion-builder-column-4 fusion_builder_column_2_3 2_3 fusion-two-third fusion-column-last\" style=\"--awb-padding-top:30px;--awb-bg-size:cover;width:66.666666666667%;width:calc(66.666666666667% - ( ( 4% ) * 0.66666666666667 ) );\"><div class=\"fusion-column-wrapper fusion-column-has-shadow fusion-flex-column-wrapper-legacy\">\t\t\t\t\t<script type=\"text\/javascript\">\n\t\t\t\t\t\tvar map_fusion_map_69e2035935053;\n\t\t\t\t\t\tvar markers = [];\n\t\t\t\t\t\tvar counter = 0;\n\t\t\t\t\t\t\t\t\t\t\t\t\t\t\t\t\t\t\t\tvar fusionMapNonce = '18766844a0';\n\t\t\t\t\t\t\t\t\t\t\t\tfunction fusion_run_map_fusion_map_69e2035935053() {\n\t\t\t\t\t\t\tjQuery ('#fusion_map_69e2035935053' ).fusion_maps( {\n\t\t\t\t\t\t\t\taddresses: [{\"address\":\"K\\u0131rlang\\u0131\\u00e7 Sokak No:9\\\/A<br \\\/>\\nNarl\\u0131dere, \\u0130zmir\",\"infobox_content\":\"K\\u0131rlang\\u0131\\u00e7 Sokak No:9\\\/A<br \\\/>\\\\nNarl\\u0131dere, \\u0130zmir\",\"coordinates\":false,\"cache\":false}],\n\t\t\t\t\t\t\t\tanimations: false,\n\t\t\t\t\t\t\t\tinfobox_background_color: '',\n\t\t\t\t\t\t\t\tinfobox_styling: 'default',\n\t\t\t\t\t\t\t\tinfobox_text_color: '',\n\t\t\t\t\t\t\t\tmap_style: 'default',\n\t\t\t\t\t\t\t\tmap_type: 'roadmap',\n\t\t\t\t\t\t\t\tmarker_icon: '',\n\t\t\t\t\t\t\t\toverlay_color: '',\n\t\t\t\t\t\t\t\toverlay_color_hsl: {\"hue\":0,\"sat\":0,\"lum\":100},\n\t\t\t\t\t\t\t\tshow_address: true,\n\t\t\t\t\t\t\t\tscale_control: true,\n\t\t\t\t\t\t\t\tscrollwheel: true,\n\t\t\t\t\t\t\t\tzoom: 14,\n\t\t\t\t\t\t\t\tzoom_control: true,\n\t\t\t\t\t\t\t} );\n\t\t\t\t\t\t}\n\n\t\t\t\t\t\tgoogle.maps.event.addDomListener(window, 'load', fusion_run_map_fusion_map_69e2035935053);\n\t\t\t\t\t<\/script>\n\t\t\t\t\t<div class=\"shortcode-map fusion-google-map fusion-maps-js-type\" id=\"fusion_map_69e2035935053\"><\/div><div class=\"fusion-clearfix\"><\/div><\/div><\/div><\/div><\/div><div class=\"fusion-fullwidth fullwidth-box fusion-builder-row-4 nonhundred-percent-fullwidth non-hundred-percent-height-scrolling\" style=\"--awb-border-radius-top-left:0px;--awb-border-radius-top-right:0px;--awb-border-radius-bottom-right:0px;--awb-border-radius-bottom-left:0px;--awb-background-color:#ffffff;--awb-flex-wrap:wrap;\" ><div class=\"fusion-builder-row fusion-row\"><div class=\"fusion-layout-column fusion_builder_column fusion-builder-column-5 fusion_builder_column_1_1 1_1 fusion-one-full fusion-column-first fusion-column-last\" style=\"--awb-bg-size:cover;--awb-margin-bottom:0px;\"><div class=\"fusion-column-wrapper fusion-column-has-shadow fusion-flex-column-wrapper-legacy\"><div class=\"fusion-section-separator section-separator curved fusion-section-separator-1\" style=\"--awb-spacer-height:99px;--awb-svg-margin-left:0;--awb-svg-margin-right:0;--awb-divider-height:99px;--awb-spacer-padding-top:inherit;--awb-sep-padding:0;--awb-svg-padding:0;\"><div class=\"fusion-section-separator-svg\"><svg class=\"fusion-curved-candy\" xmlns=\"http:\/\/www.w3.org\/2000\/svg\" version=\"1.1\" width=\"100%\" height=\"100\" viewBox=\"0 0 100 100\" preserveAspectRatio=\"none\" fill=\"rgba(17,17,17,0.85)\"><path d=\"M0 100 C 20 0 50 0 100 100 Z\"><\/path><\/svg><\/div><div class=\"fusion-section-separator-spacer\"><div class=\"fusion-section-separator-spacer-height\"><\/div><\/div><\/div><div class=\"fusion-clearfix\"><\/div><\/div><\/div><\/div><\/div><\/p>\n","protected":false},"excerpt":{"rendered":"","protected":false},"author":1,"featured_media":0,"parent":0,"menu_order":0,"comment_status":"open","ping_status":"closed","template":"100-width.php","meta":{"footnotes":""},"class_list":["post-21","page","type-page","status-publish","hentry"],"_links":{"self":[{"href":"https:\/\/artvital.com\/index.php?rest_route=\/wp\/v2\/pages\/21","targetHints":{"allow":["GET"]}}],"collection":[{"href":"https:\/\/artvital.com\/index.php?rest_route=\/wp\/v2\/pages"}],"about":[{"href":"https:\/\/artvital.com\/index.php?rest_route=\/wp\/v2\/types\/page"}],"author":[{"embeddable":true,"href":"https:\/\/artvital.com\/index.php?rest_route=\/wp\/v2\/users\/1"}],"replies":[{"embeddable":true,"href":"https:\/\/artvital.com\/index.php?rest_route=%2Fwp%2Fv2%2Fcomments&post=21"}],"version-history":[{"count":30,"href":"https:\/\/artvital.com\/index.php?rest_route=\/wp\/v2\/pages\/21\/revisions"}],"predecessor-version":[{"id":1951,"href":"https:\/\/artvital.com\/index.php?rest_route=\/wp\/v2\/pages\/21\/revisions\/1951"}],"wp:attachment":[{"href":"https:\/\/artvital.com\/index.php?rest_route=%2Fwp%2Fv2%2Fmedia&parent=21"}],"curies":[{"name":"wp","href":"https:\/\/api.w.org\/{rel}","templated":true}]}}